{"id":50,"date":"2020-02-03T18:00:02","date_gmt":"2020-02-03T17:00:02","guid":{"rendered":"https:\/\/dev.physiotherapie-plauen.de\/?page_id=50"},"modified":"2024-07-31T12:09:43","modified_gmt":"2024-07-31T10:09:43","slug":"impressum","status":"publish","type":"page","link":"https:\/\/www.physiotherapie-plauen.de\/?page_id=50","title":{"rendered":"Impressum"},"content":{"rendered":"\n<h2>Anbieter und inhaltlich verantwortlich<\/h2>\n\n\n\n<p>Physiotherapie an der Elster GbR<br>Pfaffenfeldstr. 09<br>08527 Plauen<\/p>\n\n\n\n<p>Vertreten durch:<br>Yvonne Scharfenberg<br>Jens Finei\u00df<\/p>\n\n\n\n<p>Kontakt:<br>Telefon:&nbsp;&nbsp;&nbsp; 03741 1469424<br>E-Mail:&nbsp;&nbsp;&nbsp;   <a href=\"mailto:info@physiotherapie-plauen.de\">info@physiotherapie-plauen.de<\/a><\/p>\n\n\n\n<p>Berufsbezeichnung: staatlich anerkannter Physiotherapeut<\/p>\n\n\n\n<h2>Angaben zur Berufshaftpflichtversicherung<\/h2>\n\n\n\n<p>Name und Sitz der Gesellschaft:<br>Continentale Sachversicherung AG<br>Dortmund<br>Geltungsraum der Versicherung: Deutschland<\/p>\n\n\n\n<h2>Haftungsausschluss (Disclaimer)<\/h2>\n\n\n\n<p><strong>Haftung f\u00fcr Inhalte<\/strong><\/p>\n\n\n\n<p>Als\n Diensteanbieter sind wir gem\u00e4\u00df \u00a7 7 Abs.1 TMG f\u00fcr eigene Inhalte auf \ndiesen Seiten nach den allgemeinen Gesetzen verantwortlich. Nach \u00a7\u00a7 8 \nbis 10 TMG sind wir als Diensteanbieter jedoch nicht verpflichtet, \n\u00fcbermittelte oder gespeicherte fremde Informationen zu \u00fcberwachen oder \nnach Umst\u00e4nden zu forschen, die auf eine rechtswidrige T\u00e4tigkeit \nhinweisen. Verpflichtungen zur Entfernung oder Sperrung der Nutzung von \nInformationen nach den allgemeinen Gesetzen bleiben hiervon unber\u00fchrt. \nEine diesbez\u00fcgliche Haftung ist jedoch erst ab dem Zeitpunkt der \nKenntnis einer konkreten Rechtsverletzung m\u00f6glich. Bei Bekanntwerden von\n entsprechenden Rechtsverletzungen werden wir diese Inhalte umgehend \nentfernen.<\/p>\n\n\n\n<p><strong>Haftung f\u00fcr Links<\/strong><\/p>\n\n\n\n<p>Unser Angebot enth\u00e4lt \nLinks zu externen Webseiten Dritter, auf deren Inhalte wir keinen \nEinfluss haben. Deshalb k\u00f6nnen wir f\u00fcr diese fremden Inhalte auch keine \nGew\u00e4hr \u00fcbernehmen. F\u00fcr die Inhalte der verlinkten Seiten ist stets der \njeweilige Anbieter oder Betreiber der Seiten verantwortlich. Die \nverlinkten Seiten wurden zum Zeitpunkt der Verlinkung auf m\u00f6gliche \nRechtsverst\u00f6\u00dfe \u00fcberpr\u00fcft. Rechtswidrige Inhalte waren zum Zeitpunkt der \nVerlinkung nicht erkennbar. Eine permanente inhaltliche Kontrolle der \nverlinkten Seiten ist jedoch ohne konkrete Anhaltspunkte einer \nRechtsverletzung nicht zumutbar. Bei Bekanntwerden von \nRechtsverletzungen werden wir derartige Links umgehend entfernen.<\/p>\n\n\n\n<p><strong>Urheberrecht<\/strong><\/p>\n\n\n\n<p>Die\n durch die Seitenbetreiber erstellten Inhalte und Werke auf diesen \nSeiten unterliegen dem deutschen Urheberrecht. Die Vervielf\u00e4ltigung, \nBearbeitung, Verbreitung und jede Art der Verwertung au\u00dferhalb der \nGrenzen des Urheberrechtes bed\u00fcrfen der schriftlichen Zustimmung des \njeweiligen Autors bzw. Erstellers. Downloads und Kopien dieser Seite \nsind nur f\u00fcr den privaten, nicht kommerziellen Gebrauch gestattet. \nSoweit die Inhalte auf dieser Seite nicht vom Betreiber erstellt wurden,\n werden die Urheberrechte Dritter beachtet. Insbesondere werden Inhalte \nDritter als solche gekennzeichnet. Sollten Sie trotzdem auf eine \nUrheberrechtsverletzung aufmerksam werden, bitten wir um einen \nentsprechenden Hinweis. Bei Bekanntwerden von Rechtsverletzungen werden \nwir derartige Inhalte umgehend entfernen.<\/p>\n\n\n\n<h2>Datenschutzerkl\u00e4rung<\/h2>\n\n\n\n<p>Die\n Betreiber dieser Seiten nehmen den Schutz Ihrer pers\u00f6nlichen Daten sehr\n ernst. Wir behandeln Ihre personenbezogenen Daten vertraulich und \nentsprechend der gesetzlichen Datenschutzvorschriften sowie dieser \nDatenschutzerkl\u00e4rung.<br>Die Nutzung unserer Webseite ist in der Regel \nohne Angabe personenbezogener Daten m\u00f6glich. Soweit auf unseren Seiten \npersonenbezogene Daten (beispielsweise Name, Anschrift oder \nE-Mail-Adressen) erhoben werden, erfolgt dies, soweit m\u00f6glich, stets auf\n freiwilliger Basis. Diese Daten werden ohne Ihre ausdr\u00fcckliche \nZustimmung nicht an Dritte weitergegeben.<br>Wir weisen darauf hin, dass\n die Daten\u00fcbertragung im Internet (z.B. bei der Kommunikation per \nE-Mail) Sicherheitsl\u00fccken aufweisen kann. Ein l\u00fcckenloser Schutz der \nDaten vor dem Zugriff durch Dritte ist nicht m\u00f6glich.<\/p>\n\n\n\n<p>Quelle: https:\/\/www.e-recht24.de<\/p>\n","protected":false},"excerpt":{"rendered":"<p>Anbieter und inhaltlich verantwortlich Physiotherapie an der Elster GbRPfaffenfeldstr. 0908527 Plauen Vertreten durch:Yvonne ScharfenbergJens Finei\u00df Kontakt:Telefon:&nbsp;&nbsp;&nbsp; 03741 1469424E-Mail:&nbsp;&nbsp;&nbsp; info@physiotherapie-plauen.de Berufsbezeichnung: staatlich anerkannter Physiotherapeut Angaben zur Berufshaftpflichtversicherung Name und Sitz der Gesellschaft:Continentale Sachversicherung AGDortmundGeltungsraum der Versicherung: Deutschland Haftungsausschluss (Disclaimer) Haftung f\u00fcr Inhalte Als Diensteanbieter sind wir gem\u00e4\u00df \u00a7 7 Abs.1 TMG f\u00fcr eigene Inhalte auf diesen &hellip; <\/p>\n<p class=\"link-more\"><a href=\"https:\/\/www.physiotherapie-plauen.de\/?page_id=50\" class=\"more-link\"><span class=\"screen-reader-text\">\u201eImpressum\u201c<\/span> weiterlesen<\/a><\/p>\n","protected":false},"author":1,"featured_media":0,"parent":0,"menu_order":0,"comment_status":"closed","ping_status":"closed","template":"","meta":[],"_links":{"self":[{"href":"https:\/\/www.physiotherapie-plauen.de\/index.php?rest_route=\/wp\/v2\/pages\/50"}],"collection":[{"href":"https:\/\/www.physiotherapie-plauen.de\/index.php?rest_route=\/wp\/v2\/pages"}],"about":[{"href":"https:\/\/www.physiotherapie-plauen.de\/index.php?rest_route=\/wp\/v2\/types\/page"}],"author":[{"embeddable":true,"href":"https:\/\/www.physiotherapie-plauen.de\/index.php?rest_route=\/wp\/v2\/users\/1"}],"replies":[{"embeddable":true,"href":"https:\/\/www.physiotherapie-plauen.de\/index.php?rest_route=%2Fwp%2Fv2%2Fcomments&post=50"}],"version-history":[{"count":3,"href":"https:\/\/www.physiotherapie-plauen.de\/index.php?rest_route=\/wp\/v2\/pages\/50\/revisions"}],"predecessor-version":[{"id":238,"href":"https:\/\/www.physiotherapie-plauen.de\/index.php?rest_route=\/wp\/v2\/pages\/50\/revisions\/238"}],"wp:attachment":[{"href":"https:\/\/www.physiotherapie-plauen.de\/index.php?rest_route=%2Fwp%2Fv2%2Fmedia&parent=50"}],"curies":[{"name":"wp","href":"https:\/\/api.w.org\/{rel}","templated":true}]}}